{"id":65,"date":"2025-07-04T14:23:30","date_gmt":"2025-07-04T14:23:30","guid":{"rendered":"https:\/\/tienda.crecercreando.org\/?page_id=65"},"modified":"2025-09-17T12:38:07","modified_gmt":"2025-09-17T12:38:07","slug":"home","status":"publish","type":"page","link":"https:\/\/tienda.crecercreando.org\/","title":{"rendered":"Inicio"},"content":{"rendered":"\n<div class=\"wp-block-group has-ast-global-color-7-background-color has-background is-layout-constrained wp-block-group-is-layout-constrained\">\n<h1 class=\"wp-block-heading alignfull has-text-align-center\" style=\"font-size:47px\">Pensar es el juego m\u00e1s divertido<\/h1>\n\n\n\n<p class=\"has-text-align-center\" style=\"font-size:24px\">Juegos de l\u00f3gica y matem\u00e1ticas que enganchan a toda la familia<\/p>\n\n\n\n<div style=\"height:20px\" aria-hidden=\"true\" class=\"wp-block-spacer\"><\/div>\n\n\n\n<div class=\"wp-block-buttons is-content-justification-center is-layout-flex wp-container-core-buttons-is-layout-a89b3969 wp-block-buttons-is-layout-flex\">\n<div class=\"wp-block-button boton-catalogo\"><a class=\"wp-block-button__link has-ast-global-color-1-background-color has-background has-large-font-size has-text-align-center has-custom-font-size wp-element-button\" href=\"https:\/\/tienda.crecercreando.org\/index.php\/catalogo\" style=\"border-style:none;border-width:0px;border-radius:5px;padding-top:0px;padding-right:0px;padding-bottom:0px;padding-left:0px\" target=\"_blank\" rel=\"noreferrer noopener\">VER TODOS LOS JUEGOS<\/a><\/div>\n<\/div>\n\n\n\n<div style=\"height:4px\" aria-hidden=\"true\" class=\"wp-block-spacer\"><\/div>\n\n\n\n<div class=\"wp-block-columns is-layout-flex wp-container-core-columns-is-layout-28f84493 wp-block-columns-is-layout-flex\">\n<div class=\"wp-block-column is-layout-flow wp-block-column-is-layout-flow\">\n<div class=\"wp-block-group is-vertical is-content-justification-stretch is-layout-flex wp-container-core-group-is-layout-353c4f5a wp-block-group-is-layout-flex\">\n<figure class=\"wp-block-image size-full paneo-horizontal\"><img loading=\"lazy\" decoding=\"async\" width=\"1600\" height=\"800\" src=\"https:\/\/tienda.crecercreando.org\/wp-content\/uploads\/2025\/07\/Clonacion-.jpg\" alt=\"\" class=\"wp-image-136\" srcset=\"https:\/\/tienda.crecercreando.org\/wp-content\/uploads\/2025\/07\/Clonacion-.jpg 1600w, https:\/\/tienda.crecercreando.org\/wp-content\/uploads\/2025\/07\/Clonacion--300x150.jpg 300w, https:\/\/tienda.crecercreando.org\/wp-content\/uploads\/2025\/07\/Clonacion--1024x512.jpg 1024w, https:\/\/tienda.crecercreando.org\/wp-content\/uploads\/2025\/07\/Clonacion--768x384.jpg 768w, https:\/\/tienda.crecercreando.org\/wp-content\/uploads\/2025\/07\/Clonacion--1536x768.jpg 1536w, https:\/\/tienda.crecercreando.org\/wp-content\/uploads\/2025\/07\/Clonacion--1320x660.jpg 1320w, https:\/\/tienda.crecercreando.org\/wp-content\/uploads\/2025\/07\/Clonacion--600x300.jpg 600w\" sizes=\"auto, (max-width: 1600px) 100vw, 1600px\" \/><\/figure>\n\n\n\n<div class=\"wp-block-buttons is-content-justification-center is-layout-flex wp-container-core-buttons-is-layout-72caf8c6 wp-block-buttons-is-layout-flex\">\n<div class=\"wp-block-button has-custom-width wp-block-button__width-100 boton-categoria\"><a class=\"wp-block-button__link has-ast-global-color-7-color has-ast-global-color-2-background-color has-text-color has-background has-link-color wp-element-button\" href=\"https:\/\/tienda.crecercreando.org\/index.php\/categoria-producto\/calculo-y-concentracion\/\" style=\"border-style:none;border-width:0px;border-radius:16px;padding-top:0;padding-right:0;padding-bottom:0;padding-left:0\" target=\"_blank\" rel=\"noreferrer noopener\">C\u00e1lculo y concentraci\u00f3n<\/a><\/div>\n<\/div>\n<\/div>\n<\/div>\n\n\n\n<div class=\"wp-block-column is-layout-flow wp-block-column-is-layout-flow\">\n<figure class=\"wp-block-image size-full paneo-horizontal\"><img loading=\"lazy\" decoding=\"async\" width=\"1400\" height=\"800\" src=\"https:\/\/tienda.crecercreando.org\/wp-content\/uploads\/2025\/07\/multi.jpg\" alt=\"\" class=\"wp-image-170\" srcset=\"https:\/\/tienda.crecercreando.org\/wp-content\/uploads\/2025\/07\/multi.jpg 1400w, https:\/\/tienda.crecercreando.org\/wp-content\/uploads\/2025\/07\/multi-300x171.jpg 300w, https:\/\/tienda.crecercreando.org\/wp-content\/uploads\/2025\/07\/multi-1024x585.jpg 1024w, https:\/\/tienda.crecercreando.org\/wp-content\/uploads\/2025\/07\/multi-768x439.jpg 768w, https:\/\/tienda.crecercreando.org\/wp-content\/uploads\/2025\/07\/multi-1320x754.jpg 1320w, https:\/\/tienda.crecercreando.org\/wp-content\/uploads\/2025\/07\/multi-600x343.jpg 600w\" sizes=\"auto, (max-width: 1400px) 100vw, 1400px\" \/><\/figure>\n\n\n\n<div class=\"wp-block-buttons is-content-justification-center is-layout-flex wp-container-core-buttons-is-layout-a89b3969 wp-block-buttons-is-layout-flex\">\n<div class=\"wp-block-button has-custom-width wp-block-button__width-100 boton-categoria\"><a class=\"wp-block-button__link has-ast-global-color-7-color has-ast-global-color-2-background-color has-text-color has-background has-link-color wp-element-button\" href=\"https:\/\/tienda.crecercreando.org\/index.php\/categoria-producto\/logica-estrategia-y-vision-espacial\/\" style=\"border-radius:16px;padding-top:0;padding-right:0;padding-bottom:0;padding-left:0\" target=\"_blank\" rel=\"noreferrer noopener\">L\u00f3gica, estrategia y visi\u00f3n espacial<\/a><\/div>\n<\/div>\n<\/div>\n\n\n\n<div class=\"wp-block-column is-layout-flow wp-block-column-is-layout-flow\">\n<figure class=\"wp-block-image size-full paneo-horizontal\"><img loading=\"lazy\" decoding=\"async\" width=\"2560\" height=\"2013\" src=\"https:\/\/tienda.crecercreando.org\/wp-content\/uploads\/2025\/07\/DSC0273-scaled.jpg\" alt=\"\" class=\"wp-image-163\" srcset=\"https:\/\/tienda.crecercreando.org\/wp-content\/uploads\/2025\/07\/DSC0273-scaled.jpg 2560w, https:\/\/tienda.crecercreando.org\/wp-content\/uploads\/2025\/07\/DSC0273-300x236.jpg 300w, https:\/\/tienda.crecercreando.org\/wp-content\/uploads\/2025\/07\/DSC0273-1024x805.jpg 1024w, https:\/\/tienda.crecercreando.org\/wp-content\/uploads\/2025\/07\/DSC0273-768x604.jpg 768w, https:\/\/tienda.crecercreando.org\/wp-content\/uploads\/2025\/07\/DSC0273-1536x1208.jpg 1536w, https:\/\/tienda.crecercreando.org\/wp-content\/uploads\/2025\/07\/DSC0273-2048x1610.jpg 2048w, https:\/\/tienda.crecercreando.org\/wp-content\/uploads\/2025\/07\/DSC0273-1320x1038.jpg 1320w, https:\/\/tienda.crecercreando.org\/wp-content\/uploads\/2025\/07\/DSC0273-600x472.jpg 600w\" sizes=\"auto, (max-width: 2560px) 100vw, 2560px\" \/><\/figure>\n\n\n\n<div class=\"wp-block-buttons is-layout-flex wp-block-buttons-is-layout-flex\">\n<div class=\"wp-block-button has-custom-width wp-block-button__width-100 boton-ppal\"><a class=\"wp-block-button__link has-ast-global-color-0-background-color has-background wp-element-button\" href=\"https:\/\/tienda.crecercreando.org\/index.php\/categoria-producto\/multiples-retos-un-solo-juego\/\" style=\"padding-top:0;padding-right:0;padding-bottom:0;padding-left:0\" target=\"_blank\" rel=\"noreferrer noopener\">Un juego, m\u00faltiples retos<\/a><\/div>\n<\/div>\n\n\n\n<details class=\"wp-block-details is-layout-flow wp-block-details-is-layout-flow\"><summary>Juegos que ejercitan varias capacidades a la vez: l\u00f3gica, c\u00e1lculo, estrategia, memoria\u2026 Con retos que se ajustan al nivel de cada jugador.<\/summary>\n<p><\/p>\n<\/details>\n<\/div>\n<\/div>\n\n\n\n<div class=\"wp-block-columns is-layout-flex wp-container-core-columns-is-layout-28f84493 wp-block-columns-is-layout-flex\">\n<div class=\"wp-block-column is-layout-flow wp-block-column-is-layout-flow\">\n<figure class=\"wp-block-image size-full paneo-inverso\"><img loading=\"lazy\" decoding=\"async\" width=\"1800\" height=\"1080\" src=\"https:\/\/tienda.crecercreando.org\/wp-content\/uploads\/2025\/07\/adultos-3.jpg\" alt=\"\" class=\"wp-image-183\" srcset=\"https:\/\/tienda.crecercreando.org\/wp-content\/uploads\/2025\/07\/adultos-3.jpg 1800w, https:\/\/tienda.crecercreando.org\/wp-content\/uploads\/2025\/07\/adultos-3-300x180.jpg 300w, https:\/\/tienda.crecercreando.org\/wp-content\/uploads\/2025\/07\/adultos-3-1024x614.jpg 1024w, https:\/\/tienda.crecercreando.org\/wp-content\/uploads\/2025\/07\/adultos-3-768x461.jpg 768w, https:\/\/tienda.crecercreando.org\/wp-content\/uploads\/2025\/07\/adultos-3-1536x922.jpg 1536w, https:\/\/tienda.crecercreando.org\/wp-content\/uploads\/2025\/07\/adultos-3-1320x792.jpg 1320w, https:\/\/tienda.crecercreando.org\/wp-content\/uploads\/2025\/07\/adultos-3-600x360.jpg 600w\" sizes=\"auto, (max-width: 1800px) 100vw, 1800px\" \/><\/figure>\n\n\n\n<div class=\"wp-block-buttons is-layout-flex wp-block-buttons-is-layout-flex\">\n<div class=\"wp-block-button has-custom-width wp-block-button__width-100 boton-categoria\"><a class=\"wp-block-button__link has-ast-global-color-7-color has-ast-global-color-2-background-color has-text-color has-background has-link-color wp-element-button\" href=\"https:\/\/tienda.crecercreando.org\/index.php\/categoria-producto\/para-adolescentes-y-adultos\/\" style=\"padding-top:0;padding-right:0;padding-bottom:0;padding-left:0\" target=\"_blank\" rel=\"noreferrer noopener\">Para adolescentes y adultos<\/a><\/div>\n<\/div>\n<\/div>\n\n\n\n<div class=\"wp-block-column is-layout-flow wp-block-column-is-layout-flow\">\n<figure class=\"wp-block-image size-full paneo-inverso\"><img loading=\"lazy\" decoding=\"async\" width=\"2560\" height=\"1280\" src=\"https:\/\/tienda.crecercreando.org\/wp-content\/uploads\/2025\/07\/prefes-scaled.jpg\" alt=\"\" class=\"wp-image-190\" srcset=\"https:\/\/tienda.crecercreando.org\/wp-content\/uploads\/2025\/07\/prefes-scaled.jpg 2560w, https:\/\/tienda.crecercreando.org\/wp-content\/uploads\/2025\/07\/prefes-300x150.jpg 300w, https:\/\/tienda.crecercreando.org\/wp-content\/uploads\/2025\/07\/prefes-1024x512.jpg 1024w, https:\/\/tienda.crecercreando.org\/wp-content\/uploads\/2025\/07\/prefes-768x384.jpg 768w, https:\/\/tienda.crecercreando.org\/wp-content\/uploads\/2025\/07\/prefes-1536x768.jpg 1536w, https:\/\/tienda.crecercreando.org\/wp-content\/uploads\/2025\/07\/prefes-2048x1024.jpg 2048w, https:\/\/tienda.crecercreando.org\/wp-content\/uploads\/2025\/07\/prefes-1320x660.jpg 1320w, https:\/\/tienda.crecercreando.org\/wp-content\/uploads\/2025\/07\/prefes-600x300.jpg 600w\" sizes=\"auto, (max-width: 2560px) 100vw, 2560px\" \/><\/figure>\n\n\n\n<div class=\"wp-block-buttons is-content-justification-center is-layout-flex wp-container-core-buttons-is-layout-a89b3969 wp-block-buttons-is-layout-flex\">\n<div class=\"wp-block-button has-custom-width wp-block-button__width-100 boton-categoria\"><a class=\"wp-block-button__link has-ast-global-color-7-color has-ast-global-color-2-background-color has-text-color has-background has-link-color wp-element-button\" href=\"https:\/\/tienda.crecercreando.org\/index.php\/categoria-producto\/favoritos-del-publico\/\" style=\"padding-top:0;padding-right:0;padding-bottom:0;padding-left:0\" target=\"_blank\" rel=\"noreferrer noopener\">Favoritos del p\u00fablico<\/a><\/div>\n<\/div>\n<\/div>\n\n\n\n<div class=\"wp-block-column is-layout-flow wp-block-column-is-layout-flow\">\n<figure class=\"wp-block-image size-full tarjeta-idiomas\"><img loading=\"lazy\" decoding=\"async\" width=\"2560\" height=\"2560\" src=\"https:\/\/tienda.crecercreando.org\/wp-content\/uploads\/2025\/09\/idiomas-scaled.png\" alt=\"\" class=\"wp-image-499\" srcset=\"https:\/\/tienda.crecercreando.org\/wp-content\/uploads\/2025\/09\/idiomas-scaled.png 2560w, https:\/\/tienda.crecercreando.org\/wp-content\/uploads\/2025\/09\/idiomas-300x300.png 300w, https:\/\/tienda.crecercreando.org\/wp-content\/uploads\/2025\/09\/idiomas-1024x1024.png 1024w, https:\/\/tienda.crecercreando.org\/wp-content\/uploads\/2025\/09\/idiomas-150x150.png 150w, https:\/\/tienda.crecercreando.org\/wp-content\/uploads\/2025\/09\/idiomas-768x768.png 768w, https:\/\/tienda.crecercreando.org\/wp-content\/uploads\/2025\/09\/idiomas-1536x1536.png 1536w, https:\/\/tienda.crecercreando.org\/wp-content\/uploads\/2025\/09\/idiomas-2048x2048.png 2048w, https:\/\/tienda.crecercreando.org\/wp-content\/uploads\/2025\/09\/idiomas-1320x1320.png 1320w, https:\/\/tienda.crecercreando.org\/wp-content\/uploads\/2025\/09\/idiomas-600x600.png 600w, https:\/\/tienda.crecercreando.org\/wp-content\/uploads\/2025\/09\/idiomas-100x100.png 100w\" sizes=\"auto, (max-width: 2560px) 100vw, 2560px\" \/><\/figure>\n\n\n\n<div class=\"wp-block-buttons is-content-justification-center is-layout-flex wp-container-core-buttons-is-layout-a89b3969 wp-block-buttons-is-layout-flex\">\n<div class=\"wp-block-button has-custom-width wp-block-button__width-100 boton-categoria\"><a class=\"wp-block-button__link has-ast-global-color-7-color has-ast-global-color-2-background-color has-text-color has-background has-link-color wp-element-button\" href=\"https:\/\/tienda.crecercreando.org\/index.php\/categoria-producto\/disponible-en-varios-idiomas\/\" style=\"padding-top:0;padding-right:0;padding-bottom:0;padding-left:0\" target=\"_blank\" rel=\"noreferrer noopener\">Disponibles en varios idiomas<\/a><\/div>\n<\/div>\n<\/div>\n\n\n\n<div class=\"wp-block-column is-vertically-aligned-stretch is-layout-flow wp-block-column-is-layout-flow\">\n<div class=\"wp-block-cover tarjeta-whatsapp wp-duotone-unset-1\" style=\"min-height:250px;aspect-ratio:unset;\"><img loading=\"lazy\" decoding=\"async\" width=\"305\" height=\"305\" class=\"wp-block-cover__image-background wp-image-429\" alt=\"\" src=\"https:\/\/tienda.crecercreando.org\/wp-content\/uploads\/2025\/08\/unnamed-edited.png\" style=\"object-position:50% 40%\" data-object-fit=\"cover\" data-object-position=\"50% 40%\" srcset=\"https:\/\/tienda.crecercreando.org\/wp-content\/uploads\/2025\/08\/unnamed-edited.png 305w, https:\/\/tienda.crecercreando.org\/wp-content\/uploads\/2025\/08\/unnamed-edited-300x300.png 300w, https:\/\/tienda.crecercreando.org\/wp-content\/uploads\/2025\/08\/unnamed-edited-150x150.png 150w, https:\/\/tienda.crecercreando.org\/wp-content\/uploads\/2025\/08\/unnamed-edited-100x100.png 100w\" sizes=\"auto, (max-width: 305px) 100vw, 305px\" \/><span aria-hidden=\"true\" class=\"wp-block-cover__background has-background-dim-0 has-background-dim\"><\/span><div class=\"wp-block-cover__inner-container is-layout-flow wp-block-cover-is-layout-flow\">\n<p><\/p>\n<\/div><\/div>\n\n\n\n<div class=\"wp-block-jetpack-send-a-message\">\n<div class=\"wp-block-jetpack-whatsapp-button aligncenter is-color-light\"><a class=\"whatsapp-block__button\" href=\"https:\/\/api.whatsapp.com\/send?phone=34651325864&amp;text=%C2%A1Hola!%20%C2%BFEn%20qu%C3%A9%20puedo%20ayudarte%3F\" style=\"background-color:#FFFFFF;color:#465B64\" target=\"_blank\" rel=\"noopener noreferrer\">\u00bfTe ayudo a elegir?<\/a><\/div>\n<\/div>\n<\/div>\n<\/div>\n<\/div>\n\n\n\n<p><\/p>\n","protected":false},"excerpt":{"rendered":"<p>Pensar es el juego m\u00e1s divertido Juegos de l\u00f3gica y matem\u00e1ticas que enganchan a toda la familia<\/p>\n","protected":false},"author":1,"featured_media":0,"parent":0,"menu_order":0,"comment_status":"closed","ping_status":"closed","template":"","meta":{"site-sidebar-layout":"no-sidebar","site-content-layout":"plain-container","ast-site-content-layout":"default","site-content-style":"default","site-sidebar-style":"default","ast-global-header-display":"","ast-banner-title-visibility":"","ast-main-header-display":"","ast-hfb-above-header-display":"","ast-hfb-below-header-display":"","ast-hfb-mobile-header-display":"","site-post-title":"disabled","ast-breadcrumbs-content":"","ast-featured-img":"","footer-sml-layout":"","theme-transparent-header-meta":"disabled","adv-header-id-meta":"","stick-header-meta":"","header-above-stick-meta":"","header-main-stick-meta":"","header-below-stick-meta":"","astra-migrate-meta-layouts":"default","ast-page-background-enabled":"default","ast-page-background-meta":{"desktop":{"background-color":"var(--ast-global-color-5)","background-image":"","background-repeat":"repeat","background-position":"center center","background-size":"auto","background-attachment":"scroll","background-type":"","background-media":"","overlay-type":"","overlay-color":"","overlay-opacity":"","overlay-gradient":""},"tablet":{"background-color":"","background-image":"","background-repeat":"repeat","background-position":"center center","background-size":"auto","background-attachment":"scroll","background-type":"","background-media":"","overlay-type":"","overlay-color":"","overlay-opacity":"","overlay-gradient":""},"mobile":{"background-color":"","background-image":"","background-repeat":"repeat","background-position":"center center","background-size":"auto","background-attachment":"scroll","background-type":"","background-media":"","overlay-type":"","overlay-color":"","overlay-opacity":"","overlay-gradient":""}},"ast-content-background-meta":{"desktop":{"background-color":"var(--ast-global-color-4)","background-image":"","background-repeat":"repeat","background-position":"center center","background-size":"auto","background-attachment":"scroll","background-type":"","background-media":"","overlay-type":"","overlay-color":"","overlay-opacity":"","overlay-gradient":""},"tablet":{"background-color":"var(--ast-global-color-4)","background-image":"","background-repeat":"repeat","background-position":"center center","background-size":"auto","background-attachment":"scroll","background-type":"","background-media":"","overlay-type":"","overlay-color":"","overlay-opacity":"","overlay-gradient":""},"mobile":{"background-color":"var(--ast-global-color-4)","background-image":"","background-repeat":"repeat","background-position":"center center","background-size":"auto","background-attachment":"scroll","background-type":"","background-media":"","overlay-type":"","overlay-color":"","overlay-opacity":"","overlay-gradient":""}},"footnotes":""},"class_list":["post-65","page","type-page","status-publish","hentry"],"jetpack_sharing_enabled":true,"_links":{"self":[{"href":"https:\/\/tienda.crecercreando.org\/index.php\/wp-json\/wp\/v2\/pages\/65","targetHints":{"allow":["GET"]}}],"collection":[{"href":"https:\/\/tienda.crecercreando.org\/index.php\/wp-json\/wp\/v2\/pages"}],"about":[{"href":"https:\/\/tienda.crecercreando.org\/index.php\/wp-json\/wp\/v2\/types\/page"}],"author":[{"embeddable":true,"href":"https:\/\/tienda.crecercreando.org\/index.php\/wp-json\/wp\/v2\/users\/1"}],"replies":[{"embeddable":true,"href":"https:\/\/tienda.crecercreando.org\/index.php\/wp-json\/wp\/v2\/comments?post=65"}],"version-history":[{"count":123,"href":"https:\/\/tienda.crecercreando.org\/index.php\/wp-json\/wp\/v2\/pages\/65\/revisions"}],"predecessor-version":[{"id":593,"href":"https:\/\/tienda.crecercreando.org\/index.php\/wp-json\/wp\/v2\/pages\/65\/revisions\/593"}],"wp:attachment":[{"href":"https:\/\/tienda.crecercreando.org\/index.php\/wp-json\/wp\/v2\/media?parent=65"}],"curies":[{"name":"wp","href":"https:\/\/api.w.org\/{rel}","templated":true}]}}