{"id":349,"date":"2025-07-11T17:31:31","date_gmt":"2025-07-11T17:31:31","guid":{"rendered":"https:\/\/tienda.crecercreando.org\/?post_type=product&#038;p=349"},"modified":"2025-12-09T10:38:18","modified_gmt":"2025-12-09T10:38:18","slug":"perdidos-en-la-mudanza","status":"publish","type":"product","link":"https:\/\/tienda.crecercreando.org\/index.php\/producto\/perdidos-en-la-mudanza\/","title":{"rendered":"Perdidos en la Mudanza \u2013 Juego de l\u00f3gica, memoria y valor posicional"},"content":{"rendered":"<p data-start=\"217\" data-end=\"393\">Un juego para trabajar el c\u00e1lculo mental con decenas, sin operaciones escritas.<br data-start=\"296\" data-end=\"299\" \/>Gana quien consiga antes todos los objetos que necesita, guardados en las cajas de la mudanza.<\/p>\n<p data-start=\"395\" data-end=\"736\">Para moverte por el edificio, <strong data-start=\"425\" data-end=\"464\">combina y opera con todos los dados<\/strong> para conseguir las <strong data-start=\"484\" data-end=\"520\">cantidades de decenas necesarias<\/strong>.<br data-start=\"521\" data-end=\"524\" \/>Usa la estrategia para llegar m\u00e1s lejos: busca la combinaci\u00f3n \u00f3ptima para avanzar m\u00e1s.<br data-start=\"645\" data-end=\"648\" \/><strong data-start=\"648\" data-end=\"697\">Memoriza las cajas abiertas por tus oponentes<\/strong> y toma decisiones clave en cada turno.<\/p>\n<p data-start=\"738\" data-end=\"843\">Entrenar\u00e1s la <strong data-start=\"752\" data-end=\"763\">memoria<\/strong>, la <strong data-start=\"768\" data-end=\"795\">descomposici\u00f3n num\u00e9rica<\/strong> y el <strong data-start=\"801\" data-end=\"819\">c\u00e1lculo mental<\/strong> de forma muy divertida.<\/p>\n<p data-start=\"845\" data-end=\"1090\">Muy \u00fatil en el paso de unidades a decenas y como recurso de <strong data-start=\"905\" data-end=\"927\">refuerzo educativo<\/strong>, especialmente con alumnado con <strong data-start=\"960\" data-end=\"1002\">dificultades de aprendizaje o dislexia<\/strong>. Tambi\u00e9n apasiona a ni\u00f1os con <strong data-start=\"1033\" data-end=\"1054\">altas capacidades<\/strong>, gracias al componente estrat\u00e9gico.<\/p>\n<p data-start=\"1092\" data-end=\"1245\"><strong data-start=\"1092\" data-end=\"1124\">Recomendado desde los 8 a\u00f1os<\/strong>, tanto en casa como en el aula.<br data-start=\"1156\" data-end=\"1159\" \/>Incluye <strong data-start=\"1167\" data-end=\"1211\">cartas de poli\u00e9ster lavable y resistente<\/strong>, perfectas para un uso intensivo.<\/p>\n","protected":false},"excerpt":{"rendered":"<p>C\u00e1lculo mental con decenas y unidades, descomposici\u00f3n num\u00e9rica, memoria y estrategia\u2026 \u00a1y sorpresas divertidas! Perfecto para casa, aula o refuerzo educativo.<\/p>\n","protected":false},"featured_media":411,"template":"","meta":{"site-sidebar-layout":"default","site-content-layout":"","ast-site-content-layout":"default","site-content-style":"default","site-sidebar-style":"default","ast-global-header-display":"","ast-banner-title-visibility":"","ast-main-header-display":"","ast-hfb-above-header-display":"","ast-hfb-below-header-display":"","ast-hfb-mobile-header-display":"","site-post-title":"","ast-breadcrumbs-content":"","ast-featured-img":"","footer-sml-layout":"","theme-transparent-header-meta":"default","adv-header-id-meta":"","stick-header-meta":"","header-above-stick-meta":"","header-main-stick-meta":"","header-below-stick-meta":"","astra-migrate-meta-layouts":"set","ast-page-background-enabled":"default","ast-page-background-meta":{"desktop":{"background-color":"var(--ast-global-color-5)","background-image":"","background-repeat":"repeat","background-position":"center center","background-size":"auto","background-attachment":"scroll","background-type":"","background-media":"","overlay-type":"","overlay-color":"","overlay-opacity":"","overlay-gradient":""},"tablet":{"background-color":"","background-image":"","background-repeat":"repeat","background-position":"center center","background-size":"auto","background-attachment":"scroll","background-type":"","background-media":"","overlay-type":"","overlay-color":"","overlay-opacity":"","overlay-gradient":""},"mobile":{"background-color":"","background-image":"","background-repeat":"repeat","background-position":"center center","background-size":"auto","background-attachment":"scroll","background-type":"","background-media":"","overlay-type":"","overlay-color":"","overlay-opacity":"","overlay-gradient":""}},"ast-content-background-meta":{"desktop":{"background-color":"var(--ast-global-color-4)","background-image":"","background-repeat":"repeat","background-position":"center center","background-size":"auto","background-attachment":"scroll","background-type":"","background-media":"","overlay-type":"","overlay-color":"","overlay-opacity":"","overlay-gradient":""},"tablet":{"background-color":"var(--ast-global-color-4)","background-image":"","background-repeat":"repeat","background-position":"center center","background-size":"auto","background-attachment":"scroll","background-type":"","background-media":"","overlay-type":"","overlay-color":"","overlay-opacity":"","overlay-gradient":""},"mobile":{"background-color":"var(--ast-global-color-4)","background-image":"","background-repeat":"repeat","background-position":"center center","background-size":"auto","background-attachment":"scroll","background-type":"","background-media":"","overlay-type":"","overlay-color":"","overlay-opacity":"","overlay-gradient":""}}},"product_brand":[],"product_cat":[20,25,21],"product_tag":[211,214,48,111,184,210,213,215,183,209,212],"class_list":{"0":"post-349","1":"product","2":"type-product","3":"status-publish","4":"has-post-thumbnail","6":"product_cat-calculo-y-concentracion","7":"product_cat-favoritos-del-publico","8":"product_cat-logica-estrategia-y-vision-espacial","9":"product_tag-calculo-mental-con-unidades-y-decenas","10":"product_tag-conversion-entre-decenas-y-unidades","11":"product_tag-crecer-creando","12":"product_tag-juego-artesanal-galicia","13":"product_tag-juego-de-concentracion","14":"product_tag-juego-de-logica-y-memoria","15":"product_tag-juego-para-familias-y-colegios","16":"product_tag-juegos-de-numeracion-y-valor-posicional","17":"product_tag-juegos-educativos-de-matematicas","18":"product_tag-perdidos-en-la-mudanza","19":"product_tag-recurso-didactico-para-aula-inclusiva","20":"desktop-align-center","21":"tablet-align-left","22":"mobile-align-left","24":"first","25":"instock","26":"featured","27":"shipping-taxable","28":"purchasable","29":"product-type-variable"},"jetpack_sharing_enabled":true,"_links":{"self":[{"href":"https:\/\/tienda.crecercreando.org\/index.php\/wp-json\/wp\/v2\/product\/349","targetHints":{"allow":["GET"]}}],"collection":[{"href":"https:\/\/tienda.crecercreando.org\/index.php\/wp-json\/wp\/v2\/product"}],"about":[{"href":"https:\/\/tienda.crecercreando.org\/index.php\/wp-json\/wp\/v2\/types\/product"}],"wp:featuredmedia":[{"embeddable":true,"href":"https:\/\/tienda.crecercreando.org\/index.php\/wp-json\/wp\/v2\/media\/411"}],"wp:attachment":[{"href":"https:\/\/tienda.crecercreando.org\/index.php\/wp-json\/wp\/v2\/media?parent=349"}],"wp:term":[{"taxonomy":"product_brand","embeddable":true,"href":"https:\/\/tienda.crecercreando.org\/index.php\/wp-json\/wp\/v2\/product_brand?post=349"},{"taxonomy":"product_cat","embeddable":true,"href":"https:\/\/tienda.crecercreando.org\/index.php\/wp-json\/wp\/v2\/product_cat?post=349"},{"taxonomy":"product_tag","embeddable":true,"href":"https:\/\/tienda.crecercreando.org\/index.php\/wp-json\/wp\/v2\/product_tag?post=349"}],"curies":[{"name":"wp","href":"https:\/\/api.w.org\/{rel}","templated":true}]}}