{"id":490,"date":"2025-09-11T15:17:12","date_gmt":"2025-09-11T15:17:12","guid":{"rendered":"https:\/\/tienda.crecercreando.org\/?post_type=product&#038;p=490"},"modified":"2025-09-17T10:36:08","modified_gmt":"2025-09-17T10:36:08","slug":"cuenta-atras","status":"publish","type":"product","link":"https:\/\/tienda.crecercreando.org\/index.php\/producto\/cuenta-atras\/","title":{"rendered":"Cuenta Atr\u00e1s \u2013 Juego de c\u00e1lculo mental y rapidez, desde 8 a\u00f1os"},"content":{"rendered":"<p>Cuenta Atr\u00e1s es la evoluci\u00f3n de \u00abCarrera de C\u00e1lculo\u00bb, llev\u00e1ndote a un nuevo nivel de rapidez mental y competencia num\u00e9rica.<br \/>\nIdeal a partir de 8 a\u00f1os, este juego convierte el c\u00e1lculo en una carrera emocionante donde cada segundo cuenta.<\/p>\n<p>\u00bfC\u00f3mo se juega?<br \/>\n&#8211; C\u00e1lculo din\u00e1mico: sigue las instrucciones de los personajes del tablero, que deciden las operaciones en cada turno.<br \/>\n&#8211; Pruebas a contrarreloj: supera los desaf\u00edos de velocidad c\u00e1lculo mental de las casillas especiales para avanzar.<br \/>\n&#8211; Carrera por la meta: combina estrategia y velocidad para alcanzar la victoria antes que tus rivales.<\/p>\n<p>Caracter\u00edsticas:<br \/>\n&#8211; Desaf\u00edo avanzado: m\u00e1s exigente que \u00abCarrera de C\u00e1lculo\u00bb, dise\u00f1ado para quienes buscan un reto mayor.<br \/>\n&#8211; Mejora tu c\u00e1lculo mental, precisi\u00f3n y rapidez de respuesta bajo presi\u00f3n.<br \/>\n&#8211; Vive la emoci\u00f3n de una carrera matem\u00e1tica donde el c\u00e1lculo r\u00e1pido es la clave del triunfo.<\/p>\n<p>Objetivo del juego:<br \/>\nConvi\u00e9rtete en el campe\u00f3n de \u00abCuenta Atr\u00e1s\u00bb. Cada operaci\u00f3n correcta te acerca m\u00e1s al \u00e9xito, \u00bfte atreves a demostrar que eres el m\u00e1s r\u00e1pido en el reino de los n\u00fameros?<\/p>\n","protected":false},"excerpt":{"rendered":"<p>\u00abCuenta Atr\u00e1s\u00bb es un juego de c\u00e1lculo mental a contrarreloj, recomendado desde 8 a\u00f1os.<br \/>\nUna carrera de operaciones r\u00e1pidas donde la velocidad y la precisi\u00f3n deciden qui\u00e9n llega primero a la meta.<\/p>\n","protected":false},"featured_media":491,"template":"","meta":{"site-sidebar-layout":"default","site-content-layout":"","ast-site-content-layout":"default","site-content-style":"default","site-sidebar-style":"default","ast-global-header-display":"","ast-banner-title-visibility":"","ast-main-header-display":"","ast-hfb-above-header-display":"","ast-hfb-below-header-display":"","ast-hfb-mobile-header-display":"","site-post-title":"","ast-breadcrumbs-content":"","ast-featured-img":"","footer-sml-layout":"","theme-transparent-header-meta":"default","adv-header-id-meta":"","stick-header-meta":"","header-above-stick-meta":"","header-main-stick-meta":"","header-below-stick-meta":"","astra-migrate-meta-layouts":"set","ast-page-background-enabled":"default","ast-page-background-meta":{"desktop":{"background-color":"var(--ast-global-color-5)","background-image":"","background-repeat":"repeat","background-position":"center center","background-size":"auto","background-attachment":"scroll","background-type":"","background-media":"","overlay-type":"","overlay-color":"","overlay-opacity":"","overlay-gradient":""},"tablet":{"background-color":"","background-image":"","background-repeat":"repeat","background-position":"center center","background-size":"auto","background-attachment":"scroll","background-type":"","background-media":"","overlay-type":"","overlay-color":"","overlay-opacity":"","overlay-gradient":""},"mobile":{"background-color":"","background-image":"","background-repeat":"repeat","background-position":"center center","background-size":"auto","background-attachment":"scroll","background-type":"","background-media":"","overlay-type":"","overlay-color":"","overlay-opacity":"","overlay-gradient":""}},"ast-content-background-meta":{"desktop":{"background-color":"var(--ast-global-color-4)","background-image":"","background-repeat":"repeat","background-position":"center center","background-size":"auto","background-attachment":"scroll","background-type":"","background-media":"","overlay-type":"","overlay-color":"","overlay-opacity":"","overlay-gradient":""},"tablet":{"background-color":"var(--ast-global-color-4)","background-image":"","background-repeat":"repeat","background-position":"center center","background-size":"auto","background-attachment":"scroll","background-type":"","background-media":"","overlay-type":"","overlay-color":"","overlay-opacity":"","overlay-gradient":""},"mobile":{"background-color":"var(--ast-global-color-4)","background-image":"","background-repeat":"repeat","background-position":"center center","background-size":"auto","background-attachment":"scroll","background-type":"","background-media":"","overlay-type":"","overlay-color":"","overlay-opacity":"","overlay-gradient":""}}},"product_brand":[],"product_cat":[20],"product_tag":[46,172,48,111,174,173,96,47,163],"class_list":{"0":"post-490","1":"product","2":"type-product","3":"status-publish","4":"has-post-thumbnail","6":"product_cat-calculo-y-concentracion","7":"product_tag-abj","8":"product_tag-calculo-mental-contrarreloj","9":"product_tag-crecer-creando","10":"product_tag-juego-artesanal-galicia","11":"product_tag-juego-de-agilidad-aritmetica","12":"product_tag-juego-de-calculo-para-colegios","13":"product_tag-juego-de-operaciones-matematicas","14":"product_tag-juegosmatematicos","15":"product_tag-metodo-educativo-crecer-creando","16":"desktop-align-center","17":"tablet-align-left","18":"mobile-align-left","20":"first","21":"instock","22":"shipping-taxable","23":"purchasable","24":"product-type-simple"},"jetpack_sharing_enabled":true,"_links":{"self":[{"href":"https:\/\/tienda.crecercreando.org\/index.php\/wp-json\/wp\/v2\/product\/490","targetHints":{"allow":["GET"]}}],"collection":[{"href":"https:\/\/tienda.crecercreando.org\/index.php\/wp-json\/wp\/v2\/product"}],"about":[{"href":"https:\/\/tienda.crecercreando.org\/index.php\/wp-json\/wp\/v2\/types\/product"}],"wp:featuredmedia":[{"embeddable":true,"href":"https:\/\/tienda.crecercreando.org\/index.php\/wp-json\/wp\/v2\/media\/491"}],"wp:attachment":[{"href":"https:\/\/tienda.crecercreando.org\/index.php\/wp-json\/wp\/v2\/media?parent=490"}],"wp:term":[{"taxonomy":"product_brand","embeddable":true,"href":"https:\/\/tienda.crecercreando.org\/index.php\/wp-json\/wp\/v2\/product_brand?post=490"},{"taxonomy":"product_cat","embeddable":true,"href":"https:\/\/tienda.crecercreando.org\/index.php\/wp-json\/wp\/v2\/product_cat?post=490"},{"taxonomy":"product_tag","embeddable":true,"href":"https:\/\/tienda.crecercreando.org\/index.php\/wp-json\/wp\/v2\/product_tag?post=490"}],"curies":[{"name":"wp","href":"https:\/\/api.w.org\/{rel}","templated":true}]}}