{"id":582,"date":"2025-09-17T11:33:19","date_gmt":"2025-09-17T11:33:19","guid":{"rendered":"https:\/\/tienda.crecercreando.org\/?post_type=product&#038;p=582"},"modified":"2025-09-17T12:33:12","modified_gmt":"2025-09-17T12:33:12","slug":"triminos","status":"publish","type":"product","link":"https:\/\/tienda.crecercreando.org\/index.php\/producto\/triminos\/","title":{"rendered":"Un, dos, \u00a1Trimin\u00f3s! \u2013 Puzzle de l\u00f3gica espacial con trimin\u00f3s para Primaria y adultos"},"content":{"rendered":"<p data-start=\"415\" data-end=\"768\">Pon a prueba tu ingenio con <strong data-start=\"443\" data-end=\"463\">1, 2, \u00a1Trimin\u00f3s!<\/strong>, un juego de l\u00f3gica espacial basado en piezas de trimin\u00f3s (formadas por tres cuadrados) que te reta a visualizar y reproducir figuras en una cuadr\u00edcula.<br data-start=\"602\" data-end=\"605\" \/>Dise\u00f1ado para <strong data-start=\"619\" data-end=\"653\">Primaria, Secundaria y adultos<\/strong>, ofrece un recorrido progresivo de dificultad y tambi\u00e9n la opci\u00f3n de jugar en modo competitivo a toda velocidad.<\/p>\n<p data-start=\"770\" data-end=\"792\">\ud83d\udd39 <strong data-start=\"773\" data-end=\"790\">C\u00f3mo se juega<\/strong><\/p>\n<ul data-start=\"793\" data-end=\"1060\">\n<li data-start=\"793\" data-end=\"863\">\n<p data-start=\"795\" data-end=\"863\">Escoge una carta de desaf\u00edo (con distintos niveles de dificultad).<\/p>\n<\/li>\n<li data-start=\"864\" data-end=\"943\">\n<p data-start=\"866\" data-end=\"943\">Usa los <strong data-start=\"874\" data-end=\"886\">trimin\u00f3s<\/strong> de colores para reproducir la figura en la cuadr\u00edcula.<\/p>\n<\/li>\n<li data-start=\"944\" data-end=\"1060\">\n<p data-start=\"946\" data-end=\"1060\">Juega en solitario subiendo de nivel o compite con otros jugadores por ser el m\u00e1s r\u00e1pido en completar la figura.<\/p>\n<\/li>\n<\/ul>\n<p data-start=\"1062\" data-end=\"1096\">\ud83d\udd39 <strong data-start=\"1065\" data-end=\"1094\">Caracter\u00edsticas del juego<\/strong><\/p>\n<ul data-start=\"1097\" data-end=\"1493\">\n<li data-start=\"1097\" data-end=\"1192\">\n<p data-start=\"1099\" data-end=\"1192\"><strong data-start=\"1099\" data-end=\"1114\">Componentes<\/strong>: piezas de PLA en colores vivos y cartas de poli\u00e9ster irrompible y lavable.<\/p>\n<\/li>\n<li data-start=\"1193\" data-end=\"1248\">\n<p data-start=\"1195\" data-end=\"1248\"><strong data-start=\"1195\" data-end=\"1205\">Edades<\/strong>: recomendado desde 6 a\u00f1os hasta adultos.<\/p>\n<\/li>\n<li data-start=\"1249\" data-end=\"1325\">\n<p data-start=\"1251\" data-end=\"1325\"><strong data-start=\"1251\" data-end=\"1264\">Jugadores<\/strong>: de 1 a 4, adaptable para el aula o para jugar en familia.<\/p>\n<\/li>\n<li data-start=\"1326\" data-end=\"1493\">\n<p data-start=\"1328\" data-end=\"1493\"><strong data-start=\"1328\" data-end=\"1349\">Enfoque educativo<\/strong>: desarrolla visi\u00f3n espacial, l\u00f3gica y concentraci\u00f3n, trabajando adem\u00e1s la percepci\u00f3n matem\u00e1tica al manipular formas basadas en la cuadr\u00edcula.<\/p>\n<\/li>\n<\/ul>\n<p data-start=\"1495\" data-end=\"1514\">\ud83d\udd39 <strong data-start=\"1498\" data-end=\"1512\">Beneficios<\/strong><\/p>\n<ul data-start=\"1515\" data-end=\"1766\">\n<li data-start=\"1515\" data-end=\"1571\">\n<p data-start=\"1517\" data-end=\"1571\">Refuerza el pensamiento l\u00f3gico y la visi\u00f3n espacial.<\/p>\n<\/li>\n<li data-start=\"1572\" data-end=\"1616\">\n<p data-start=\"1574\" data-end=\"1616\">Entrena la concentraci\u00f3n y la precisi\u00f3n.<\/p>\n<\/li>\n<li data-start=\"1617\" data-end=\"1682\">\n<p data-start=\"1619\" data-end=\"1682\">Fomenta la cooperaci\u00f3n o la competencia sana entre jugadores.<\/p>\n<\/li>\n<li data-start=\"1683\" data-end=\"1766\">\n<p data-start=\"1685\" data-end=\"1766\">Es perfecto como recurso educativo en el aula o como reto divertido en familia.<\/p>\n<\/li>\n<\/ul>\n<p data-start=\"1768\" data-end=\"1961\">Prep\u00e1rate para disfrutar de un puzzle din\u00e1mico y vers\u00e1til que engancha desde el primer desaf\u00edo.<br data-start=\"1863\" data-end=\"1866\" \/>Con <strong data-start=\"1870\" data-end=\"1890\">1, 2, \u00a1Trimin\u00f3s!<\/strong>, cada partida es una nueva oportunidad de entrenar tu mente jugando.<\/p>\n","protected":false},"excerpt":{"rendered":"<p><strong data-start=\"113\" data-end=\"133\">1, 2, \u00a1Trimin\u00f3s!<\/strong> es un juego de l\u00f3gica y visi\u00f3n espacial con trimin\u00f3s de PLA y cartas de poli\u00e9ster resistentes. Desde Primaria hasta adultos, puedes jugar de forma individual o competir en velocidad para reproducir las figuras de la cuadr\u00edcula con precisi\u00f3n matem\u00e1tica.<\/p>\n","protected":false},"featured_media":583,"template":"","meta":{"site-sidebar-layout":"default","site-content-layout":"","ast-site-content-layout":"default","site-content-style":"default","site-sidebar-style":"default","ast-global-header-display":"","ast-banner-title-visibility":"","ast-main-header-display":"","ast-hfb-above-header-display":"","ast-hfb-below-header-display":"","ast-hfb-mobile-header-display":"","site-post-title":"","ast-breadcrumbs-content":"","ast-featured-img":"","footer-sml-layout":"","theme-transparent-header-meta":"default","adv-header-id-meta":"","stick-header-meta":"","header-above-stick-meta":"","header-main-stick-meta":"","header-below-stick-meta":"","astra-migrate-meta-layouts":"set","ast-page-background-enabled":"default","ast-page-background-meta":{"desktop":{"background-color":"var(--ast-global-color-5)","background-image":"","background-repeat":"repeat","background-position":"center center","background-size":"auto","background-attachment":"scroll","background-type":"","background-media":"","overlay-type":"","overlay-color":"","overlay-opacity":"","overlay-gradient":""},"tablet":{"background-color":"","background-image":"","background-repeat":"repeat","background-position":"center center","background-size":"auto","background-attachment":"scroll","background-type":"","background-media":"","overlay-type":"","overlay-color":"","overlay-opacity":"","overlay-gradient":""},"mobile":{"background-color":"","background-image":"","background-repeat":"repeat","background-position":"center center","background-size":"auto","background-attachment":"scroll","background-type":"","background-media":"","overlay-type":"","overlay-color":"","overlay-opacity":"","overlay-gradient":""}},"ast-content-background-meta":{"desktop":{"background-color":"var(--ast-global-color-4)","background-image":"","background-repeat":"repeat","background-position":"center center","background-size":"auto","background-attachment":"scroll","background-type":"","background-media":"","overlay-type":"","overlay-color":"","overlay-opacity":"","overlay-gradient":""},"tablet":{"background-color":"var(--ast-global-color-4)","background-image":"","background-repeat":"repeat","background-position":"center center","background-size":"auto","background-attachment":"scroll","background-type":"","background-media":"","overlay-type":"","overlay-color":"","overlay-opacity":"","overlay-gradient":""},"mobile":{"background-color":"var(--ast-global-color-4)","background-image":"","background-repeat":"repeat","background-position":"center center","background-size":"auto","background-attachment":"scroll","background-type":"","background-media":"","overlay-type":"","overlay-color":"","overlay-opacity":"","overlay-gradient":""}}},"product_brand":[],"product_cat":[21,141],"product_tag":[241,242,249,48,111,248,243,244,143,106,247,246,245],"class_list":{"0":"post-582","1":"product","2":"type-product","3":"status-publish","4":"has-post-thumbnail","6":"product_cat-logica-estrategia-y-vision-espacial","7":"product_cat-vision-espacial","8":"product_tag-241","9":"product_tag-2-triminos","10":"product_tag-cartas-de-poliester-lavable","11":"product_tag-crecer-creando","12":"product_tag-juego-artesanal-galicia","13":"product_tag-juego-de-estrategia-visual","14":"product_tag-juego-de-logica-matematica","15":"product_tag-juego-de-triminos","16":"product_tag-juego-de-vision-espacial","17":"product_tag-juego-impreso-en-pla","18":"product_tag-juegos-de-logica-para-adultos","19":"product_tag-juegos-de-mesa-para-primaria","20":"product_tag-puzzles-educativos","21":"desktop-align-center","22":"tablet-align-left","23":"mobile-align-left","25":"first","26":"instock","27":"shipping-taxable","28":"purchasable","29":"product-type-simple"},"jetpack_sharing_enabled":true,"_links":{"self":[{"href":"https:\/\/tienda.crecercreando.org\/index.php\/wp-json\/wp\/v2\/product\/582","targetHints":{"allow":["GET"]}}],"collection":[{"href":"https:\/\/tienda.crecercreando.org\/index.php\/wp-json\/wp\/v2\/product"}],"about":[{"href":"https:\/\/tienda.crecercreando.org\/index.php\/wp-json\/wp\/v2\/types\/product"}],"wp:featuredmedia":[{"embeddable":true,"href":"https:\/\/tienda.crecercreando.org\/index.php\/wp-json\/wp\/v2\/media\/583"}],"wp:attachment":[{"href":"https:\/\/tienda.crecercreando.org\/index.php\/wp-json\/wp\/v2\/media?parent=582"}],"wp:term":[{"taxonomy":"product_brand","embeddable":true,"href":"https:\/\/tienda.crecercreando.org\/index.php\/wp-json\/wp\/v2\/product_brand?post=582"},{"taxonomy":"product_cat","embeddable":true,"href":"https:\/\/tienda.crecercreando.org\/index.php\/wp-json\/wp\/v2\/product_cat?post=582"},{"taxonomy":"product_tag","embeddable":true,"href":"https:\/\/tienda.crecercreando.org\/index.php\/wp-json\/wp\/v2\/product_tag?post=582"}],"curies":[{"name":"wp","href":"https:\/\/api.w.org\/{rel}","templated":true}]}}