{"id":601,"date":"2025-09-17T20:12:31","date_gmt":"2025-09-17T20:12:31","guid":{"rendered":"https:\/\/tienda.crecercreando.org\/?post_type=product&#038;p=601"},"modified":"2025-12-09T11:02:14","modified_gmt":"2025-12-09T11:02:14","slug":"cazatesoros","status":"publish","type":"product","link":"https:\/\/tienda.crecercreando.org\/index.php\/producto\/cazatesoros\/","title":{"rendered":"CAZATESOROS \u2013 Juego de mesa de l\u00f3gica, memoria y c\u00e1lculo con viajes por pa\u00edses"},"content":{"rendered":"<p data-start=\"480\" data-end=\"785\">Con <strong data-start=\"484\" data-end=\"499\">Cazatesoros<\/strong> te conviertes en un buscador de reliquias con una misi\u00f3n: recuperar tesoros perdidos y depositarlos en los museos de cada pa\u00eds.<br data-start=\"627\" data-end=\"630\" \/>Para conseguirlo tendr\u00e1s que superar pruebas de <strong data-start=\"678\" data-end=\"743\">c\u00e1lculo mental, l\u00f3gica, memoria, percepci\u00f3n y visi\u00f3n espacial<\/strong>, adaptadas a diferentes edades y niveles.<\/p>\n<p data-start=\"787\" data-end=\"809\">\ud83d\udd39 <strong data-start=\"790\" data-end=\"807\">C\u00f3mo se juega<\/strong><\/p>\n<ul data-start=\"810\" data-end=\"1203\">\n<li data-start=\"810\" data-end=\"876\">\n<p data-start=\"812\" data-end=\"876\">Explora 8 tableros tem\u00e1ticos que representan distintos pa\u00edses.<\/p>\n<\/li>\n<li data-start=\"877\" data-end=\"960\">\n<p data-start=\"879\" data-end=\"960\">Supera retos de 4 tipos: c\u00e1lculo r\u00e1pido, visi\u00f3n espacial, memoria y percepci\u00f3n.<\/p>\n<\/li>\n<li data-start=\"961\" data-end=\"1066\">\n<p data-start=\"963\" data-end=\"1066\">Cada reliquia que consigas te acercar\u00e1 a tu objetivo: depositarlas en los museos antes que los dem\u00e1s.<\/p>\n<\/li>\n<li data-start=\"1067\" data-end=\"1203\">\n<p data-start=\"1069\" data-end=\"1203\">Puedes jugar en <strong data-start=\"1085\" data-end=\"1104\">modo individual<\/strong> (m\u00ednimo 3 reliquias por pa\u00eds) o en <strong data-start=\"1140\" data-end=\"1161\">modo multijugador<\/strong> (ser el primero en llevar las reliquias a los museos).<\/p>\n<\/li>\n<\/ul>\n<p data-start=\"1205\" data-end=\"1240\">\ud83d\udd39 <strong data-start=\"1208\" data-end=\"1238\">Por qu\u00e9 elegir Cazatesoros<\/strong><\/p>\n<ul data-start=\"1241\" data-end=\"1684\">\n<li data-start=\"1241\" data-end=\"1364\">\n<p data-start=\"1243\" data-end=\"1364\">Incluye <strong data-start=\"1251\" data-end=\"1271\">58 piezas de impresi\u00f3n 3D en PLA<\/strong> y <strong data-start=\"1274\" data-end=\"1308\">tableros y cartas de poli\u00e9ster<\/strong>: irrompibles, lavables y resistentes al uso continuo.<\/p>\n<\/li>\n<li data-start=\"1365\" data-end=\"1428\">\n<p data-start=\"1367\" data-end=\"1428\">Dise\u00f1ado tanto para el aula como para disfrutar en familia.<\/p>\n<\/li>\n<li data-start=\"1429\" data-end=\"1551\">\n<p data-start=\"1431\" data-end=\"1551\">Ofrece <strong data-start=\"1438\" data-end=\"1468\">tres niveles de dificultad<\/strong> (6-7 a\u00f1os, 8-9 a\u00f1os y 10+), lo que permite adaptar la partida a cualquier grupo.<\/p>\n<\/li>\n<li data-start=\"1552\" data-end=\"1684\">\n<p data-start=\"1554\" data-end=\"1684\">Favorece el <strong data-start=\"1566\" data-end=\"1589\">razonamiento l\u00f3gico<\/strong>, la <strong data-start=\"1594\" data-end=\"1611\">concentraci\u00f3n<\/strong> y la <strong data-start=\"1617\" data-end=\"1631\">estrategia<\/strong> en un entorno de juego colaborativo o competitivo.<\/p>\n<\/li>\n<\/ul>\n<p data-start=\"1686\" data-end=\"1829\">Una aut\u00e9ntica aventura educativa que engancha a peque\u00f1os y mayores, y que convierte cada partida en un viaje distinto alrededor del mundo. \ud83c\udf0d<\/p>\n","protected":false},"excerpt":{"rendered":"<p><strong data-start=\"227\" data-end=\"242\">Cazatesoros<\/strong> es un juego de l\u00f3gica, c\u00e1lculo mental, memoria, percepci\u00f3n y visi\u00f3n espacial. Una aventura por diferentes pa\u00edses en la que deber\u00e1s superar pruebas y recuperar reliquias para llevarlas a los museos. Ideal para Primaria y familias.<\/p>\n","protected":false},"featured_media":607,"template":"","meta":{"site-sidebar-layout":"default","site-content-layout":"","ast-site-content-layout":"default","site-content-style":"default","site-sidebar-style":"default","ast-global-header-display":"","ast-banner-title-visibility":"","ast-main-header-display":"","ast-hfb-above-header-display":"","ast-hfb-below-header-display":"","ast-hfb-mobile-header-display":"","site-post-title":"","ast-breadcrumbs-content":"","ast-featured-img":"","footer-sml-layout":"","theme-transparent-header-meta":"default","adv-header-id-meta":"","stick-header-meta":"","header-above-stick-meta":"","header-main-stick-meta":"","header-below-stick-meta":"","astra-migrate-meta-layouts":"set","ast-page-background-enabled":"default","ast-page-background-meta":{"desktop":{"background-color":"var(--ast-global-color-5)","background-image":"","background-repeat":"repeat","background-position":"center center","background-size":"auto","background-attachment":"scroll","background-type":"","background-media":"","overlay-type":"","overlay-color":"","overlay-opacity":"","overlay-gradient":""},"tablet":{"background-color":"","background-image":"","background-repeat":"repeat","background-position":"center center","background-size":"auto","background-attachment":"scroll","background-type":"","background-media":"","overlay-type":"","overlay-color":"","overlay-opacity":"","overlay-gradient":""},"mobile":{"background-color":"","background-image":"","background-repeat":"repeat","background-position":"center center","background-size":"auto","background-attachment":"scroll","background-type":"","background-media":"","overlay-type":"","overlay-color":"","overlay-opacity":"","overlay-gradient":""}},"ast-content-background-meta":{"desktop":{"background-color":"var(--ast-global-color-4)","background-image":"","background-repeat":"repeat","background-position":"center center","background-size":"auto","background-attachment":"scroll","background-type":"","background-media":"","overlay-type":"","overlay-color":"","overlay-opacity":"","overlay-gradient":""},"tablet":{"background-color":"var(--ast-global-color-4)","background-image":"","background-repeat":"repeat","background-position":"center center","background-size":"auto","background-attachment":"scroll","background-type":"","background-media":"","overlay-type":"","overlay-color":"","overlay-opacity":"","overlay-gradient":""},"mobile":{"background-color":"var(--ast-global-color-4)","background-image":"","background-repeat":"repeat","background-position":"center center","background-size":"auto","background-attachment":"scroll","background-type":"","background-media":"","overlay-type":"","overlay-color":"","overlay-opacity":"","overlay-gradient":""}}},"product_brand":[],"product_cat":[23],"product_tag":[264,48,111,266,116,184,210,170,265,268,143,267],"class_list":{"0":"post-601","1":"product","2":"type-product","3":"status-publish","4":"has-post-thumbnail","6":"product_cat-multiples-retos-un-solo-juego","7":"product_tag-cazatesoros","8":"product_tag-crecer-creando","9":"product_tag-juego-artesanal-galicia","10":"product_tag-juego-de-aventuras-matematicas","11":"product_tag-juego-de-calculo-mental","12":"product_tag-juego-de-concentracion","13":"product_tag-juego-de-logica-y-memoria","14":"product_tag-juego-de-mesa-educativo","15":"product_tag-juego-de-percepcion","16":"product_tag-juego-de-primaria","17":"product_tag-juego-de-vision-espacial","18":"product_tag-viaje-por-paises","19":"desktop-align-center","20":"tablet-align-left","21":"mobile-align-left","23":"first","24":"instock","25":"shipping-taxable","26":"purchasable","27":"product-type-variable"},"jetpack_sharing_enabled":true,"_links":{"self":[{"href":"https:\/\/tienda.crecercreando.org\/index.php\/wp-json\/wp\/v2\/product\/601","targetHints":{"allow":["GET"]}}],"collection":[{"href":"https:\/\/tienda.crecercreando.org\/index.php\/wp-json\/wp\/v2\/product"}],"about":[{"href":"https:\/\/tienda.crecercreando.org\/index.php\/wp-json\/wp\/v2\/types\/product"}],"wp:featuredmedia":[{"embeddable":true,"href":"https:\/\/tienda.crecercreando.org\/index.php\/wp-json\/wp\/v2\/media\/607"}],"wp:attachment":[{"href":"https:\/\/tienda.crecercreando.org\/index.php\/wp-json\/wp\/v2\/media?parent=601"}],"wp:term":[{"taxonomy":"product_brand","embeddable":true,"href":"https:\/\/tienda.crecercreando.org\/index.php\/wp-json\/wp\/v2\/product_brand?post=601"},{"taxonomy":"product_cat","embeddable":true,"href":"https:\/\/tienda.crecercreando.org\/index.php\/wp-json\/wp\/v2\/product_cat?post=601"},{"taxonomy":"product_tag","embeddable":true,"href":"https:\/\/tienda.crecercreando.org\/index.php\/wp-json\/wp\/v2\/product_tag?post=601"}],"curies":[{"name":"wp","href":"https:\/\/api.w.org\/{rel}","templated":true}]}}