{"id":636,"date":"2025-12-02T14:44:55","date_gmt":"2025-12-02T14:44:55","guid":{"rendered":"https:\/\/tienda.crecercreando.org\/?post_type=product&#038;p=636"},"modified":"2025-12-02T14:45:43","modified_gmt":"2025-12-02T14:45:43","slug":"el-bosque-encantado","status":"publish","type":"product","link":"https:\/\/tienda.crecercreando.org\/index.php\/producto\/el-bosque-encantado\/","title":{"rendered":"El bosque encantado"},"content":{"rendered":"<p>Juego de tablero para trabajar las decenas de forma sencilla y visual. Perfecto para practicar c\u00e1lculo mental, atenci\u00f3n y agilidad con las decenas en Primaria.<\/p>\n<p>De 2 a 4 jugadores (o m\u00e1s simplemente a\u00f1adiendo m\u00e1s fichas).<\/p>\n<p><img loading=\"lazy\" decoding=\"async\" class=\"alignnone size-medium wp-image-637\" src=\"https:\/\/tienda.crecercreando.org\/wp-content\/uploads\/2025\/12\/El-bosque-encantado-300x180.jpg\" alt=\"\" width=\"300\" height=\"180\" srcset=\"https:\/\/tienda.crecercreando.org\/wp-content\/uploads\/2025\/12\/El-bosque-encantado-300x180.jpg 300w, https:\/\/tienda.crecercreando.org\/wp-content\/uploads\/2025\/12\/El-bosque-encantado-1024x613.jpg 1024w, https:\/\/tienda.crecercreando.org\/wp-content\/uploads\/2025\/12\/El-bosque-encantado-768x460.jpg 768w, https:\/\/tienda.crecercreando.org\/wp-content\/uploads\/2025\/12\/El-bosque-encantado-1320x790.jpg 1320w, https:\/\/tienda.crecercreando.org\/wp-content\/uploads\/2025\/12\/El-bosque-encantado-600x359.jpg 600w, https:\/\/tienda.crecercreando.org\/wp-content\/uploads\/2025\/12\/El-bosque-encantado.jpg 1390w\" sizes=\"auto, (max-width: 300px) 100vw, 300px\" \/><\/p>\n","protected":false},"excerpt":{"rendered":"<p>Juego de tablero para trabajar las decenas de forma sencilla y visual. Perfecto para practicar c\u00e1lculo mental, atenci\u00f3n y agilidad con las decenas en Primaria.<\/p>\n<p>De 2 a 4 jugadores (o m\u00e1s simplemente a\u00f1adiendo m\u00e1s fichas).<\/p>\n","protected":false},"featured_media":637,"template":"","meta":{"site-sidebar-layout":"default","site-content-layout":"","ast-site-content-layout":"default","site-content-style":"default","site-sidebar-style":"default","ast-global-header-display":"","ast-banner-title-visibility":"","ast-main-header-display":"","ast-hfb-above-header-display":"","ast-hfb-below-header-display":"","ast-hfb-mobile-header-display":"","site-post-title":"","ast-breadcrumbs-content":"","ast-featured-img":"","footer-sml-layout":"","theme-transparent-header-meta":"default","adv-header-id-meta":"","stick-header-meta":"","header-above-stick-meta":"","header-main-stick-meta":"","header-below-stick-meta":"","astra-migrate-meta-layouts":"set","ast-page-background-enabled":"default","ast-page-background-meta":{"desktop":{"background-color":"var(--ast-global-color-5)","background-image":"","background-repeat":"repeat","background-position":"center center","background-size":"auto","background-attachment":"scroll","background-type":"","background-media":"","overlay-type":"","overlay-color":"","overlay-opacity":"","overlay-gradient":""},"tablet":{"background-color":"","background-image":"","background-repeat":"repeat","background-position":"center center","background-size":"auto","background-attachment":"scroll","background-type":"","background-media":"","overlay-type":"","overlay-color":"","overlay-opacity":"","overlay-gradient":""},"mobile":{"background-color":"","background-image":"","background-repeat":"repeat","background-position":"center center","background-size":"auto","background-attachment":"scroll","background-type":"","background-media":"","overlay-type":"","overlay-color":"","overlay-opacity":"","overlay-gradient":""}},"ast-content-background-meta":{"desktop":{"background-color":"var(--ast-global-color-4)","background-image":"","background-repeat":"repeat","background-position":"center center","background-size":"auto","background-attachment":"scroll","background-type":"","background-media":"","overlay-type":"","overlay-color":"","overlay-opacity":"","overlay-gradient":""},"tablet":{"background-color":"var(--ast-global-color-4)","background-image":"","background-repeat":"repeat","background-position":"center center","background-size":"auto","background-attachment":"scroll","background-type":"","background-media":"","overlay-type":"","overlay-color":"","overlay-opacity":"","overlay-gradient":""},"mobile":{"background-color":"var(--ast-global-color-4)","background-image":"","background-repeat":"repeat","background-position":"center center","background-size":"auto","background-attachment":"scroll","background-type":"","background-media":"","overlay-type":"","overlay-color":"","overlay-opacity":"","overlay-gradient":""}}},"product_brand":[],"product_cat":[20],"product_tag":[],"class_list":{"0":"post-636","1":"product","2":"type-product","3":"status-publish","4":"has-post-thumbnail","6":"product_cat-calculo-y-concentracion","7":"desktop-align-center","8":"tablet-align-left","9":"mobile-align-left","11":"first","12":"instock","13":"shipping-taxable","14":"purchasable","15":"product-type-simple"},"jetpack_sharing_enabled":true,"_links":{"self":[{"href":"https:\/\/tienda.crecercreando.org\/index.php\/wp-json\/wp\/v2\/product\/636","targetHints":{"allow":["GET"]}}],"collection":[{"href":"https:\/\/tienda.crecercreando.org\/index.php\/wp-json\/wp\/v2\/product"}],"about":[{"href":"https:\/\/tienda.crecercreando.org\/index.php\/wp-json\/wp\/v2\/types\/product"}],"wp:featuredmedia":[{"embeddable":true,"href":"https:\/\/tienda.crecercreando.org\/index.php\/wp-json\/wp\/v2\/media\/637"}],"wp:attachment":[{"href":"https:\/\/tienda.crecercreando.org\/index.php\/wp-json\/wp\/v2\/media?parent=636"}],"wp:term":[{"taxonomy":"product_brand","embeddable":true,"href":"https:\/\/tienda.crecercreando.org\/index.php\/wp-json\/wp\/v2\/product_brand?post=636"},{"taxonomy":"product_cat","embeddable":true,"href":"https:\/\/tienda.crecercreando.org\/index.php\/wp-json\/wp\/v2\/product_cat?post=636"},{"taxonomy":"product_tag","embeddable":true,"href":"https:\/\/tienda.crecercreando.org\/index.php\/wp-json\/wp\/v2\/product_tag?post=636"}],"curies":[{"name":"wp","href":"https:\/\/api.w.org\/{rel}","templated":true}]}}